{"id":48,"date":"2023-02-01T14:06:30","date_gmt":"2023-02-01T13:06:30","guid":{"rendered":"http:\/\/test.eurokrusz.pl\/?page_id=48"},"modified":"2023-05-07T17:51:10","modified_gmt":"2023-05-07T15:51:10","slug":"48-2","status":"publish","type":"page","link":"http:\/\/eurokrusz.pl\/?page_id=48","title":{"rendered":"O nas"},"content":{"rendered":"<p>[et_pb_section fb_built=&#8221;1&#8243; admin_label=&#8221;Header&#8221; _builder_version=&#8221;4.19.2&#8243; _module_preset=&#8221;default&#8221; overflow-x=&#8221;hidden&#8221; overflow-y=&#8221;hidden&#8221; custom_padding=&#8221;0px||0px||true|false&#8221; collapsed=&#8221;on&#8221; global_colors_info=&#8221;{}&#8221;][et_pb_row column_structure=&#8221;1_2,1_2&#8243; _builder_version=&#8221;4.19.2&#8243; _module_preset=&#8221;default&#8221; custom_padding=&#8221;0px||||false|false&#8221; global_colors_info=&#8221;{}&#8221;][et_pb_column type=&#8221;1_2&#8243; _builder_version=&#8221;4.19.2&#8243; _module_preset=&#8221;default&#8221; custom_padding=&#8221;8vw||||false|false&#8221; custom_padding_tablet=&#8221;||||false|false&#8221; custom_padding_phone=&#8221;0vw||||false|false&#8221; custom_padding_last_edited=&#8221;off|desktop&#8221; global_colors_info=&#8221;{}&#8221;][et_pb_text _builder_version=&#8221;4.19.2&#8243; _module_preset=&#8221;90d3b8b3-08e3-493d-baed-aab437165d55&#8243; global_colors_info=&#8221;{}&#8221;]<\/p>\n<h1>O nas<\/h1>\n<p>[\/et_pb_text][\/et_pb_column][et_pb_column type=&#8221;1_2&#8243; _builder_version=&#8221;4.19.2&#8243; _module_preset=&#8221;default&#8221; global_colors_info=&#8221;{}&#8221;][et_pb_image src=&#8221;http:\/\/test.eurokrusz.pl\/wp-content\/uploads\/2023\/02\/G0064654-scaled.jpg&#8221; title_text=&#8221;Przesiewacz&#8221; _builder_version=&#8221;4.19.5&#8243; _module_preset=&#8221;default&#8221; custom_margin=&#8221;|-30vw|0px||false|false&#8221; custom_margin_tablet=&#8221;|0vw|0px||false|false&#8221; custom_margin_phone=&#8221;|0vw|0px||false|false&#8221; custom_margin_last_edited=&#8221;on|tablet&#8221; global_colors_info=&#8221;{}&#8221;][\/et_pb_image][et_pb_image src=&#8221;http:\/\/test.eurokrusz.pl\/wp-content\/uploads\/2023\/02\/civil-engineering-19.png&#8221; title_text=&#8221;civil-engineering-19&#8243; _builder_version=&#8221;4.19.2&#8243; _module_preset=&#8221;default&#8221; width=&#8221;77%&#8221; custom_margin=&#8221;-49%||||false|false&#8221; global_colors_info=&#8221;{}&#8221;][\/et_pb_image][\/et_pb_column][\/et_pb_row][\/et_pb_section][et_pb_section fb_built=&#8221;1&#8243; admin_label=&#8221;About&#8221; _builder_version=&#8221;4.19.2&#8243; _module_preset=&#8221;default&#8221; custom_padding=&#8221;||90px||false|false&#8221; collapsed=&#8221;on&#8221; global_colors_info=&#8221;{}&#8221;][et_pb_row _builder_version=&#8221;4.19.2&#8243; _module_preset=&#8221;default&#8221; global_colors_info=&#8221;{}&#8221;][et_pb_column type=&#8221;4_4&#8243; _builder_version=&#8221;4.19.2&#8243; _module_preset=&#8221;default&#8221; global_colors_info=&#8221;{}&#8221;][et_pb_text _builder_version=&#8221;4.19.5&#8243; _module_preset=&#8221;28a751eb-0076-487b-88df-cfd9e0176a11&#8243; global_colors_info=&#8221;{}&#8221;]<\/p>\n<h2>Kruszywa najwy\u017cszej jako\u015bci<\/h2>\n<p>[\/et_pb_text][et_pb_text _builder_version=&#8221;4.19.2&#8243; _module_preset=&#8221;c9ec9e24-03c3-41e8-bc52-a779fa7f5816&#8243; global_colors_info=&#8221;{}&#8221;]<\/p>\n<p><span style=\"font-weight: 400;\">Firma P.P.H.U. EUROKRUSZ sp. z o.o. jako kopalnia kruszyw naturalnych , dzia\u0142a na rynku wydobywczym od 2000 roku.\u00a0<\/span><\/p>\n<p><span style=\"font-weight: 400;\">Od samego pocz\u0105tku g\u0142\u00f3wnym naszym profilem jest wydobycie ze z\u0142o\u017ca posp\u00f3\u0142ki, kt\u00f3ra po procesie p\u0142ukania wod\u0105 i sortowania, dzieli si\u0119 na r\u00f3\u017cne granulacje piask\u00f3w i \u017cwirk\u00f3w naturalnych, wykorzystywanych przede wszystkim w bran\u017cy budowlanej i drogownictwie.<\/span><\/p>\n<p><span style=\"font-weight: 400;\">Jako\u015b\u0107 z\u0142o\u017ca i zar\u00f3wno naszych produkt\u00f3w mamy potwierdzon\u0105 badaniami, wykonywanymi co roku w Sieci Badawczej \u0141ukasiewicz &#8211; Instytut Ceramiki i Materia\u0142\u00f3w Budowlanych w Krakowie.\u00a0<\/span><\/p>\n<p><span style=\"font-weight: 400;\">Wszystkie wyroby s\u0105 zgodne z obowi\u0105zuj\u0105cymi normami:<\/span><\/p>\n<p><span style=\"font-weight: 400;\"><strong>PN-EN 12620+A1:2010<\/strong> \u2013 Kruszywa do betonu<\/span><\/p>\n<p><span style=\"font-weight: 400;\"><strong>PN-EN 13139:2003<\/strong> \u2013 Kruszywa do zapraw<\/span><\/p>\n<p><span style=\"font-weight: 400;\"><strong>PN-EN 13043:2004<\/strong> \u2013 Kruszywa do mieszanek bitumiczny i powierzchniowych utrwale\u0144 stosowanych na drogach, lotniskach i innych powierzchniach przeznaczonych do ruchu<\/span><\/p>\n<p><span style=\"font-weight: 400;\"><strong>PN-EN 13242+A1:2010<\/strong> \u2013 Kruszywa do zwi\u0105zanych i niezwi\u0105zanych hydraulicznie materia\u0142\u00f3w stosowanych w obiektach budowlanych i budownictwie drogowym.<\/span><\/p>\n<p>&nbsp;<\/p>\n<p><span style=\"font-weight: 400;\">Ponadto produkowany przez nas piasek typowy o granulacji 0\/2 mm , mo\u017ce by\u0107 stosowany jako piasek do piaskownic, na place zabaw i jako wype\u0142nienie zewn\u0119trznych nawierzchni sportowych \u2013 POSIADA\u00a0 ATEST HIGIENICZNY (B-BK-60211-0285\/21).<\/span><\/p>\n<p>&nbsp;<\/p>\n<p><span style=\"font-weight: 400;\">Podczas wieloletniej wsp\u00f3\u0142pracy z rynkiem budowlanym, zdobyli\u015bmy do\u015bwiadczenie i umiej\u0119tno\u015bci, dzi\u0119ki kt\u00f3rym na bie\u017c\u0105co ulepszamy wydobycie i produkcj\u0119.\u00a0<\/span><\/p>\n<p><span style=\"font-weight: 400;\">W miesi\u0105cu maju 2007 roku zosta\u0142a wybudowana i uruchomiona linia technologiczna suszenia i sortowania piask\u00f3w kwarcowych &#8211; stosowanych g\u0142\u00f3wnie w produkcji chemii budowlanej, a tak\u017ce przy renowacji obiekt\u00f3w mostowych, czyszczenie cegie\u0142 oraz starych obiekt\u00f3w.\u00a0<\/span><\/p>\n<p><span style=\"font-weight: 400;\">W celu zachowania stabilnej jako\u015bci naszych produkt\u00f3w, prowadzimy sta\u0142y nadz\u00f3r laboratoryjny.<\/span><\/p>\n<p>[\/et_pb_text][\/et_pb_column][\/et_pb_row][\/et_pb_section][et_pb_section fb_built=&#8221;1&#8243; admin_label=&#8221;Video&#8221; _builder_version=&#8221;4.19.2&#8243; _module_preset=&#8221;default&#8221; background_color=&#8221;#CBCECF&#8221; use_background_color_gradient=&#8221;on&#8221; background_color_gradient_stops=&#8221;#cbcecf 50%|#ffffff 50%&#8221; custom_padding=&#8221;0px||0px||true|false&#8221; collapsed=&#8221;on&#8221; global_colors_info=&#8221;{}&#8221;][et_pb_row _builder_version=&#8221;4.19.5&#8243; _module_preset=&#8221;default&#8221; custom_padding=&#8221;||0px||false|false&#8221; global_colors_info=&#8221;{}&#8221;][et_pb_column type=&#8221;4_4&#8243; _builder_version=&#8221;4.19.2&#8243; _module_preset=&#8221;default&#8221; global_colors_info=&#8221;{}&#8221;][et_pb_video src=&#8221;http:\/\/test.eurokrusz.pl\/wp-content\/uploads\/2023\/02\/YouCut_20230124_130859873.mp4&#8243; _builder_version=&#8221;4.19.5&#8243; _module_preset=&#8221;default&#8221; global_colors_info=&#8221;{}&#8221;][\/et_pb_video][\/et_pb_column][\/et_pb_row][\/et_pb_section][et_pb_section fb_built=&#8221;1&#8243; admin_label=&#8221;Feature&#8221; _builder_version=&#8221;4.19.2&#8243; _module_preset=&#8221;default&#8221; custom_padding=&#8221;0px||||false|false&#8221; collapsed=&#8221;on&#8221; global_colors_info=&#8221;{}&#8221;][et_pb_row column_structure=&#8221;1_2,1_2&#8243; _builder_version=&#8221;4.19.2&#8243; _module_preset=&#8221;default&#8221; custom_padding=&#8221;0px||||false|false&#8221; global_colors_info=&#8221;{}&#8221;][et_pb_column type=&#8221;1_2&#8243; _builder_version=&#8221;4.19.2&#8243; _module_preset=&#8221;default&#8221; background_color=&#8221;#E3E3E3&#8243; custom_padding=&#8221;80px|40px|80px|40px|true|true&#8221; custom_padding_tablet=&#8221;60px|30px|60px|30px|true|true&#8221; custom_padding_phone=&#8221;40px|20px|40px|20px|true|true&#8221; custom_padding_last_edited=&#8221;on|desktop&#8221; global_colors_info=&#8221;{}&#8221;][et_pb_text _builder_version=&#8221;4.19.2&#8243; _module_preset=&#8221;28a751eb-0076-487b-88df-cfd9e0176a11&#8243; global_colors_info=&#8221;{}&#8221;]<\/p>\n<h2>Produkujemy od 2000 roku.<\/h2>\n<p>[\/et_pb_text][\/et_pb_column][et_pb_column type=&#8221;1_2&#8243; _builder_version=&#8221;4.19.2&#8243; _module_preset=&#8221;default&#8221; custom_padding=&#8221;80px||||false|false&#8221; custom_padding_tablet=&#8221;0px||||false|false&#8221; custom_padding_phone=&#8221;0px||||false|false&#8221; custom_padding_last_edited=&#8221;on|tablet&#8221; global_colors_info=&#8221;{}&#8221;][\/et_pb_column][\/et_pb_row][\/et_pb_section]<\/p>\n","protected":false},"excerpt":{"rendered":"<p>O nasKruszywa najwy\u017cszej jako\u015bciFirma P.P.H.U. EUROKRUSZ sp. z o.o. jako kopalnia kruszyw naturalnych , dzia\u0142a na rynku wydobywczym od 2000 roku.\u00a0 Od samego pocz\u0105tku g\u0142\u00f3wnym naszym profilem jest wydobycie ze z\u0142o\u017ca posp\u00f3\u0142ki, kt\u00f3ra po procesie p\u0142ukania wod\u0105 i sortowania, dzieli si\u0119 na r\u00f3\u017cne granulacje piask\u00f3w i \u017cwirk\u00f3w naturalnych, wykorzystywanych przede wszystkim w bran\u017cy budowlanej i [&hellip;]<\/p>\n","protected":false},"author":1,"featured_media":0,"parent":0,"menu_order":0,"comment_status":"closed","ping_status":"closed","template":"","meta":{"_et_pb_use_builder":"on","_et_pb_old_content":"","_et_gb_content_width":"","footnotes":""},"class_list":["post-48","page","type-page","status-publish","hentry"],"_links":{"self":[{"href":"http:\/\/eurokrusz.pl\/index.php?rest_route=\/wp\/v2\/pages\/48","targetHints":{"allow":["GET"]}}],"collection":[{"href":"http:\/\/eurokrusz.pl\/index.php?rest_route=\/wp\/v2\/pages"}],"about":[{"href":"http:\/\/eurokrusz.pl\/index.php?rest_route=\/wp\/v2\/types\/page"}],"author":[{"embeddable":true,"href":"http:\/\/eurokrusz.pl\/index.php?rest_route=\/wp\/v2\/users\/1"}],"replies":[{"embeddable":true,"href":"http:\/\/eurokrusz.pl\/index.php?rest_route=%2Fwp%2Fv2%2Fcomments&post=48"}],"version-history":[{"count":6,"href":"http:\/\/eurokrusz.pl\/index.php?rest_route=\/wp\/v2\/pages\/48\/revisions"}],"predecessor-version":[{"id":88,"href":"http:\/\/eurokrusz.pl\/index.php?rest_route=\/wp\/v2\/pages\/48\/revisions\/88"}],"wp:attachment":[{"href":"http:\/\/eurokrusz.pl\/index.php?rest_route=%2Fwp%2Fv2%2Fmedia&parent=48"}],"curies":[{"name":"wp","href":"https:\/\/api.w.org\/{rel}","templated":true}]}}